{"id":676,"date":"2024-08-21T05:47:26","date_gmt":"2024-08-21T05:47:26","guid":{"rendered":"http:\/\/nau-systems.com\/hauptseite-copy\/"},"modified":"2026-05-05T14:06:40","modified_gmt":"2026-05-05T14:06:40","slug":"unsere-projekte","status":"publish","type":"page","link":"https:\/\/nau-systems.com\/en\/unsere-projekte\/","title":{"rendered":"Our projects"},"content":{"rendered":"<div data-elementor-type=\"wp-page\" data-elementor-id=\"676\" class=\"elementor elementor-676\" data-elementor-post-type=\"page\">\n\t\t\t\t<div data-particle_enable=\"false\" data-particle-mobile-disabled=\"false\" class=\"elementor-element elementor-element-d8b8e83 animated-fast e-flex e-con-boxed elementor-invisible e-con e-parent\" data-id=\"d8b8e83\" data-element_type=\"container\" data-settings=\"{&quot;animation&quot;:&quot;fadeIn&quot;}\">\n\t\t\t\t\t<div class=\"e-con-inner\">\n\t\t<div data-particle_enable=\"false\" data-particle-mobile-disabled=\"false\" class=\"elementor-element elementor-element-ea06b8a e-con-full e-flex e-con e-child\" data-id=\"ea06b8a\" data-element_type=\"container\">\n\t\t\t\t<div class=\"elementor-element elementor-element-e1fe9ed elementor-widget elementor-widget-heading\" data-id=\"e1fe9ed\" data-element_type=\"widget\" data-widget_type=\"heading.default\">\n\t\t\t\t<div class=\"elementor-widget-container\">\n\t\t\t<style>\/*! elementor - v3.23.0 - 05-08-2024 *\/\n.elementor-heading-title{padding:0;margin:0;line-height:1}.elementor-widget-heading .elementor-heading-title[class*=elementor-size-]>a{color:inherit;font-size:inherit;line-height:inherit}.elementor-widget-heading .elementor-heading-title.elementor-size-small{font-size:15px}.elementor-widget-heading .elementor-heading-title.elementor-size-medium{font-size:19px}.elementor-widget-heading .elementor-heading-title.elementor-size-large{font-size:29px}.elementor-widget-heading .elementor-heading-title.elementor-size-xl{font-size:39px}.elementor-widget-heading .elementor-heading-title.elementor-size-xxl{font-size:59px}<\/style><h1 class=\"elementor-heading-title elementor-size-default\">Our projects<\/h1>\t\t<\/div>\n\t\t\t\t<\/div>\n\t\t\t\t<div class=\"elementor-element elementor-element-2b50724 elementor-widget elementor-widget-text-editor\" data-id=\"2b50724\" data-element_type=\"widget\" data-widget_type=\"text-editor.default\">\n\t\t\t\t<div class=\"elementor-widget-container\">\n\t\t\t<style>\/*! elementor - v3.23.0 - 05-08-2024 *\/\n.elementor-widget-text-editor.elementor-drop-cap-view-stacked .elementor-drop-cap{background-color:#69727d;color:#fff}.elementor-widget-text-editor.elementor-drop-cap-view-framed .elementor-drop-cap{color:#69727d;border:3px solid;background-color:transparent}.elementor-widget-text-editor:not(.elementor-drop-cap-view-default) .elementor-drop-cap{margin-top:8px}.elementor-widget-text-editor:not(.elementor-drop-cap-view-default) .elementor-drop-cap-letter{width:1em;height:1em}.elementor-widget-text-editor .elementor-drop-cap{float:left;text-align:center;line-height:1;font-size:50px}.elementor-widget-text-editor .elementor-drop-cap-letter{display:inline-block}<\/style>\t\t\t\t<p>At NAU SYSTEMS, we have been providing innovative energy solutions in Germany since 2012. Led by our visionary founder, Sebastian Nau, we bring a fresh perspective to the industry, focusing on efficient design, transparent communication and unwavering integrity. <br \/><br \/>With our firm commitment to quality craftsmanship and cutting-edge technology, we have built a reputation for outstanding service that exceeds expectations. We specialize in the installation of alternative energy systems and provide customized solutions to meet our customers&#039; unique needs.<\/p>\t\t\t\t\t\t<\/div>\n\t\t\t\t<\/div>\n\t\t\t\t<\/div>\n\t\t\t\t<div class=\"elementor-element elementor-element-898c8e7 elementor-widget__width-initial photo-con img-gray elementor-hidden-mobile elementor-widget elementor-widget-image\" data-id=\"898c8e7\" data-element_type=\"widget\" data-widget_type=\"image.default\">\n\t\t\t\t<div class=\"elementor-widget-container\">\n\t\t\t\t\t\t\t\t\t\t\t\t\t<img fetchpriority=\"high\" decoding=\"async\" width=\"588\" height=\"994\" src=\"https:\/\/nau-systems.com\/wp-content\/uploads\/2024\/08\/d2859177462925e6709041e146bf74f4.png\" class=\"attachment-large size-large wp-image-690\" alt=\"\" srcset=\"https:\/\/nau-systems.com\/wp-content\/uploads\/2024\/08\/d2859177462925e6709041e146bf74f4.png 588w, https:\/\/nau-systems.com\/wp-content\/uploads\/2024\/08\/d2859177462925e6709041e146bf74f4-177x300.png 177w, https:\/\/nau-systems.com\/wp-content\/uploads\/2024\/08\/d2859177462925e6709041e146bf74f4-7x12.png 7w\" sizes=\"(max-width: 588px) 100vw, 588px\" \/>\t\t\t\t\t\t\t\t\t\t\t\t\t<\/div>\n\t\t\t\t<\/div>\n\t\t\t\t\t<\/div>\n\t\t\t\t<\/div>\n\t\t<div data-particle_enable=\"false\" data-particle-mobile-disabled=\"false\" class=\"elementor-element elementor-element-e117b94 animated-fast img-gray e-flex e-con-boxed elementor-invisible e-con e-parent\" data-id=\"e117b94\" data-element_type=\"container\" data-settings=\"{&quot;animation&quot;:&quot;fadeIn&quot;}\">\n\t\t\t\t\t<div class=\"e-con-inner\">\n\t\t<div data-particle_enable=\"false\" data-particle-mobile-disabled=\"false\" class=\"elementor-element elementor-element-6479e80 e-con-full e-flex e-con e-child\" data-id=\"6479e80\" data-element_type=\"container\">\n\t\t<div data-particle_enable=\"false\" data-particle-mobile-disabled=\"false\" class=\"elementor-element elementor-element-a1a4c51 e-con-full serv-block e-flex e-con e-child\" data-id=\"a1a4c51\" data-element_type=\"container\">\n\t\t\t\t<div class=\"elementor-element elementor-element-9fa4d96 serv-inner-item elementor-widget elementor-widget-image\" data-id=\"9fa4d96\" data-element_type=\"widget\" data-widget_type=\"image.default\">\n\t\t\t\t<div class=\"elementor-widget-container\">\n\t\t\t\t\t\t\t\t\t\t\t\t\t<img decoding=\"async\" width=\"800\" height=\"431\" src=\"https:\/\/nau-systems.com\/wp-content\/uploads\/2024\/08\/Group-585-1024x552.png\" class=\"attachment-large size-large wp-image-25\" alt=\"\" srcset=\"https:\/\/nau-systems.com\/wp-content\/uploads\/2024\/08\/Group-585-1024x552.png 1024w, https:\/\/nau-systems.com\/wp-content\/uploads\/2024\/08\/Group-585-300x162.png 300w, https:\/\/nau-systems.com\/wp-content\/uploads\/2024\/08\/Group-585-768x414.png 768w, https:\/\/nau-systems.com\/wp-content\/uploads\/2024\/08\/Group-585-1536x827.png 1536w, https:\/\/nau-systems.com\/wp-content\/uploads\/2024\/08\/Group-585-2048x1103.png 2048w, https:\/\/nau-systems.com\/wp-content\/uploads\/2024\/08\/Group-585-18x10.png 18w\" sizes=\"(max-width: 800px) 100vw, 800px\" \/>\t\t\t\t\t\t\t\t\t\t\t\t\t<\/div>\n\t\t\t\t<\/div>\n\t\t<div data-particle_enable=\"false\" data-particle-mobile-disabled=\"false\" class=\"elementor-element elementor-element-628e44b e-con-full serv-inner e-flex e-con e-child\" data-id=\"628e44b\" data-element_type=\"container\">\n\t\t\t\t<div class=\"elementor-element elementor-element-5b510f4 elementor-widget__width-initial serv-inner-text elementor-widget elementor-widget-heading\" data-id=\"5b510f4\" data-element_type=\"widget\" data-widget_type=\"heading.default\">\n\t\t\t\t<div class=\"elementor-widget-container\">\n\t\t\t<span class=\"elementor-heading-title elementor-size-default\">Installation of the system (solar panels + EcoFlow inverter) for your home<\/span>\t\t<\/div>\n\t\t\t\t<\/div>\n\t\t\t\t<\/div>\n\t\t\t\t<\/div>\n\t\t<div data-particle_enable=\"false\" data-particle-mobile-disabled=\"false\" class=\"elementor-element elementor-element-39b25d7 e-con-full serv-block e-flex e-con e-child\" data-id=\"39b25d7\" data-element_type=\"container\">\n\t\t\t\t<div class=\"elementor-element elementor-element-90748a1 serv-inner-item elementor-widget elementor-widget-image\" data-id=\"90748a1\" data-element_type=\"widget\" data-widget_type=\"image.default\">\n\t\t\t\t<div class=\"elementor-widget-container\">\n\t\t\t\t\t\t\t\t\t\t\t\t\t<img decoding=\"async\" width=\"800\" height=\"431\" src=\"https:\/\/nau-systems.com\/wp-content\/uploads\/2024\/08\/Rectangle-189-1024x552.png\" class=\"attachment-large size-large wp-image-36\" alt=\"\" srcset=\"https:\/\/nau-systems.com\/wp-content\/uploads\/2024\/08\/Rectangle-189-1024x552.png 1024w, https:\/\/nau-systems.com\/wp-content\/uploads\/2024\/08\/Rectangle-189-300x162.png 300w, https:\/\/nau-systems.com\/wp-content\/uploads\/2024\/08\/Rectangle-189-768x414.png 768w, https:\/\/nau-systems.com\/wp-content\/uploads\/2024\/08\/Rectangle-189-1536x827.png 1536w, https:\/\/nau-systems.com\/wp-content\/uploads\/2024\/08\/Rectangle-189-2048x1103.png 2048w, https:\/\/nau-systems.com\/wp-content\/uploads\/2024\/08\/Rectangle-189-18x10.png 18w\" sizes=\"(max-width: 800px) 100vw, 800px\" \/>\t\t\t\t\t\t\t\t\t\t\t\t\t<\/div>\n\t\t\t\t<\/div>\n\t\t<div data-particle_enable=\"false\" data-particle-mobile-disabled=\"false\" class=\"elementor-element elementor-element-94cc927 e-con-full serv-inner e-flex e-con e-child\" data-id=\"94cc927\" data-element_type=\"container\">\n\t\t\t\t<div class=\"elementor-element elementor-element-74258ae elementor-widget__width-initial serv-inner-text elementor-widget elementor-widget-heading\" data-id=\"74258ae\" data-element_type=\"widget\" data-widget_type=\"heading.default\">\n\t\t\t\t<div class=\"elementor-widget-container\">\n\t\t\t<span class=\"elementor-heading-title elementor-size-default\">Installation of the system (solar panels + EcoFlow inverter) for your home<\/span>\t\t<\/div>\n\t\t\t\t<\/div>\n\t\t\t\t<\/div>\n\t\t\t\t<\/div>\n\t\t<div data-particle_enable=\"false\" data-particle-mobile-disabled=\"false\" class=\"elementor-element elementor-element-45cfa78 e-con-full serv-block e-flex e-con e-child\" data-id=\"45cfa78\" data-element_type=\"container\">\n\t\t\t\t<div class=\"elementor-element elementor-element-1fc23f5 serv-inner-item elementor-widget elementor-widget-image\" data-id=\"1fc23f5\" data-element_type=\"widget\" data-widget_type=\"image.default\">\n\t\t\t\t<div class=\"elementor-widget-container\">\n\t\t\t\t\t\t\t\t\t\t\t\t\t<img loading=\"lazy\" decoding=\"async\" width=\"800\" height=\"600\" src=\"https:\/\/nau-systems.com\/wp-content\/uploads\/2024\/09\/2024-09-20-11.25.32-1024x768.jpg\" class=\"attachment-large size-large wp-image-2078\" alt=\"\" srcset=\"https:\/\/nau-systems.com\/wp-content\/uploads\/2024\/09\/2024-09-20-11.25.32-1024x768.jpg 1024w, https:\/\/nau-systems.com\/wp-content\/uploads\/2024\/09\/2024-09-20-11.25.32-300x225.jpg 300w, https:\/\/nau-systems.com\/wp-content\/uploads\/2024\/09\/2024-09-20-11.25.32-768x576.jpg 768w, https:\/\/nau-systems.com\/wp-content\/uploads\/2024\/09\/2024-09-20-11.25.32-16x12.jpg 16w, https:\/\/nau-systems.com\/wp-content\/uploads\/2024\/09\/2024-09-20-11.25.32.jpg 1280w\" sizes=\"(max-width: 800px) 100vw, 800px\" \/>\t\t\t\t\t\t\t\t\t\t\t\t\t<\/div>\n\t\t\t\t<\/div>\n\t\t<div data-particle_enable=\"false\" data-particle-mobile-disabled=\"false\" class=\"elementor-element elementor-element-2c3eeae e-con-full serv-inner e-flex e-con e-child\" data-id=\"2c3eeae\" data-element_type=\"container\">\n\t\t\t\t<div class=\"elementor-element elementor-element-842dfb6 elementor-widget__width-initial serv-inner-text elementor-widget elementor-widget-heading\" data-id=\"842dfb6\" data-element_type=\"widget\" data-widget_type=\"heading.default\">\n\t\t\t\t<div class=\"elementor-widget-container\">\n\t\t\t<span class=\"elementor-heading-title elementor-size-default\">Installation of the system (solar panels + EcoFlow inverter) for your home<\/span>\t\t<\/div>\n\t\t\t\t<\/div>\n\t\t\t\t<\/div>\n\t\t\t\t<\/div>\n\t\t<div data-particle_enable=\"false\" data-particle-mobile-disabled=\"false\" class=\"elementor-element elementor-element-c05bacb e-con-full serv-block e-flex e-con e-child\" data-id=\"c05bacb\" data-element_type=\"container\">\n\t\t\t\t<div class=\"elementor-element elementor-element-10406cc serv-inner-item elementor-widget elementor-widget-image\" data-id=\"10406cc\" data-element_type=\"widget\" data-widget_type=\"image.default\">\n\t\t\t\t<div class=\"elementor-widget-container\">\n\t\t\t\t\t\t\t\t\t\t\t\t\t<img loading=\"lazy\" decoding=\"async\" width=\"800\" height=\"431\" src=\"https:\/\/nau-systems.com\/wp-content\/uploads\/2024\/08\/Rectangle-218-1024x552.png\" class=\"attachment-large size-large wp-image-42\" alt=\"\" srcset=\"https:\/\/nau-systems.com\/wp-content\/uploads\/2024\/08\/Rectangle-218-1024x552.png 1024w, https:\/\/nau-systems.com\/wp-content\/uploads\/2024\/08\/Rectangle-218-300x162.png 300w, https:\/\/nau-systems.com\/wp-content\/uploads\/2024\/08\/Rectangle-218-768x414.png 768w, https:\/\/nau-systems.com\/wp-content\/uploads\/2024\/08\/Rectangle-218-1536x827.png 1536w, https:\/\/nau-systems.com\/wp-content\/uploads\/2024\/08\/Rectangle-218-2048x1103.png 2048w, https:\/\/nau-systems.com\/wp-content\/uploads\/2024\/08\/Rectangle-218-18x10.png 18w\" sizes=\"(max-width: 800px) 100vw, 800px\" \/>\t\t\t\t\t\t\t\t\t\t\t\t\t<\/div>\n\t\t\t\t<\/div>\n\t\t<div data-particle_enable=\"false\" data-particle-mobile-disabled=\"false\" class=\"elementor-element elementor-element-ff14745 e-con-full serv-inner e-flex e-con e-child\" data-id=\"ff14745\" data-element_type=\"container\">\n\t\t\t\t<div class=\"elementor-element elementor-element-218a2f9 elementor-widget__width-initial serv-inner-text elementor-widget elementor-widget-heading\" data-id=\"218a2f9\" data-element_type=\"widget\" data-widget_type=\"heading.default\">\n\t\t\t\t<div class=\"elementor-widget-container\">\n\t\t\t<span class=\"elementor-heading-title elementor-size-default\">Installation of the system (solar panels + EcoFlow inverter) for your home<\/span>\t\t<\/div>\n\t\t\t\t<\/div>\n\t\t\t\t<\/div>\n\t\t\t\t<\/div>\n\t\t\t\t<\/div>\n\t\t\t\t\t<\/div>\n\t\t\t\t<\/div>\n\t\t<div data-particle_enable=\"false\" data-particle-mobile-disabled=\"false\" class=\"elementor-element elementor-element-27b68cf animated-fast img-gray e-flex e-con-boxed elementor-invisible e-con e-parent\" data-id=\"27b68cf\" data-element_type=\"container\" data-settings=\"{&quot;animation&quot;:&quot;fadeIn&quot;}\">\n\t\t\t\t\t<div class=\"e-con-inner\">\n\t\t<div data-particle_enable=\"false\" data-particle-mobile-disabled=\"false\" class=\"elementor-element elementor-element-7c4fe72 e-con-full e-flex e-con e-child\" data-id=\"7c4fe72\" data-element_type=\"container\">\n\t\t<div data-particle_enable=\"false\" data-particle-mobile-disabled=\"false\" class=\"elementor-element elementor-element-6fe7086 e-con-full serv-block e-flex e-con e-child\" data-id=\"6fe7086\" data-element_type=\"container\">\n\t\t\t\t<div class=\"elementor-element elementor-element-758936d elementor-pagination-position-inside slide-gal elementor-arrows-position-inside elementor-widget elementor-widget-image-carousel\" data-id=\"758936d\" data-element_type=\"widget\" data-settings=\"{&quot;slides_to_show&quot;:&quot;2&quot;,&quot;slides_to_scroll&quot;:&quot;2&quot;,&quot;navigation&quot;:&quot;both&quot;,&quot;autoplay&quot;:&quot;yes&quot;,&quot;pause_on_hover&quot;:&quot;yes&quot;,&quot;pause_on_interaction&quot;:&quot;yes&quot;,&quot;autoplay_speed&quot;:5000,&quot;infinite&quot;:&quot;yes&quot;,&quot;speed&quot;:500}\" data-widget_type=\"image-carousel.default\">\n\t\t\t\t<div class=\"elementor-widget-container\">\n\t\t\t<style>\/*! elementor - v3.23.0 - 05-08-2024 *\/\n.elementor-widget-image-carousel .swiper,.elementor-widget-image-carousel .swiper-container{position:static}.elementor-widget-image-carousel .swiper-container .swiper-slide figure,.elementor-widget-image-carousel .swiper .swiper-slide figure{line-height:inherit}.elementor-widget-image-carousel .swiper-slide{text-align:center}.elementor-image-carousel-wrapper:not(.swiper-container-initialized):not(.swiper-initialized) .swiper-slide{max-width:calc(100% \/ var(--e-image-carousel-slides-to-show, 3))}<\/style>\t\t<div class=\"elementor-image-carousel-wrapper swiper\" dir=\"ltr\">\n\t\t\t<div class=\"elementor-image-carousel swiper-wrapper\" aria-live=\"off\">\n\t\t\t\t\t\t\t\t<div class=\"swiper-slide\" role=\"group\" aria-roledescription=\"slide\" aria-label=\"1 von 4\"><figure class=\"swiper-slide-inner\"><img decoding=\"async\" class=\"swiper-slide-image\" src=\"https:\/\/nau-systems.com\/wp-content\/uploads\/2024\/08\/Rectangle-189.png\" alt=\"1\" \/><figcaption class=\"elementor-image-carousel-caption\">1<\/figcaption><\/figure><\/div><div class=\"swiper-slide\" role=\"group\" aria-roledescription=\"slide\" aria-label=\"2 von 4\"><figure class=\"swiper-slide-inner\"><img decoding=\"async\" class=\"swiper-slide-image\" src=\"https:\/\/nau-systems.com\/wp-content\/uploads\/2024\/08\/Rectangle-189-1.png\" alt=\"2\" \/><figcaption class=\"elementor-image-carousel-caption\">2<\/figcaption><\/figure><\/div><div class=\"swiper-slide\" role=\"group\" aria-roledescription=\"slide\" aria-label=\"3 von 4\"><figure class=\"swiper-slide-inner\"><img decoding=\"async\" class=\"swiper-slide-image\" src=\"https:\/\/nau-systems.com\/wp-content\/uploads\/2024\/08\/Rectangle-195.png\" alt=\"1\" \/><figcaption class=\"elementor-image-carousel-caption\">1<\/figcaption><\/figure><\/div><div class=\"swiper-slide\" role=\"group\" aria-roledescription=\"slide\" aria-label=\"4 von 4\"><figure class=\"swiper-slide-inner\"><img decoding=\"async\" class=\"swiper-slide-image\" src=\"https:\/\/nau-systems.com\/wp-content\/uploads\/2024\/09\/2024-09-20-11.25.32.jpg\" alt=\"2\" \/><figcaption class=\"elementor-image-carousel-caption\">2<\/figcaption><\/figure><\/div>\t\t\t<\/div>\n\t\t\t\t\t\t\t\t\t\t\t\t<div class=\"elementor-swiper-button elementor-swiper-button-prev\" role=\"button\" tabindex=\"0\">\n\t\t\t\t\t\t<svg aria-hidden=\"true\" class=\"e-font-icon-svg e-eicon-chevron-left\" viewbox=\"0 0 1000 1000\" xmlns=\"http:\/\/www.w3.org\/2000\/svg\"><path d=\"M646 125C629 125 613 133 604 142L308 442C296 454 292 471 292 487 292 504 296 521 308 533L604 854C617 867 629 875 646 875 663 875 679 871 692 858 704 846 713 829 713 812 713 796 708 779 692 767L438 487 692 225C700 217 708 204 708 187 708 171 704 154 692 142 675 129 663 125 646 125Z\"><\/path><\/svg>\t\t\t\t\t<\/div>\n\t\t\t\t\t<div class=\"elementor-swiper-button elementor-swiper-button-next\" role=\"button\" tabindex=\"0\">\n\t\t\t\t\t\t<svg aria-hidden=\"true\" class=\"e-font-icon-svg e-eicon-chevron-right\" viewbox=\"0 0 1000 1000\" xmlns=\"http:\/\/www.w3.org\/2000\/svg\"><path d=\"M696 533C708 521 713 504 713 487 713 471 708 454 696 446L400 146C388 133 375 125 354 125 338 125 325 129 313 142 300 154 292 171 292 187 292 204 296 221 308 233L563 492 304 771C292 783 288 800 288 817 288 833 296 850 308 863 321 871 338 875 354 875 371 875 388 867 400 854L696 533Z\"><\/path><\/svg>\t\t\t\t\t<\/div>\n\t\t\t\t\n\t\t\t\t\t\t\t\t\t<div class=\"swiper-pagination\"><\/div>\n\t\t\t\t\t\t\t\t\t<\/div>\n\t\t\t\t<\/div>\n\t\t\t\t<\/div>\n\t\t\t\t<\/div>\n\t\t\t\t<\/div>\n\t\t\t\t\t<\/div>\n\t\t\t\t<\/div>\n\t\t\t\t<\/div>","protected":false},"excerpt":{"rendered":"<p>Hauptseite Unsere Projekte Bei NAU SYSTEMS bieten wir seit 2012 innovative Energiel\u00f6sungen in Deutschland an. Unter der Leitung unseres vision\u00e4ren Gr\u00fcnders, Sebastian Nau, bringen wir eine frische Perspektive in die Branche, wobei wir auf effizientes Design, transparente Kommunikation und unersch\u00fctterliche Integrit\u00e4t setzen. Mit unserem festen Engagement f\u00fcr hochwertige Handwerkskunst und modernste Technologie haben wir uns [&hellip;]<\/p>","protected":false},"author":1,"featured_media":0,"parent":0,"menu_order":0,"comment_status":"closed","ping_status":"closed","template":"","meta":{"inline_featured_image":false,"footnotes":""},"class_list":["post-676","page","type-page","status-publish","hentry"],"_links":{"self":[{"href":"https:\/\/nau-systems.com\/en\/wp-json\/wp\/v2\/pages\/676"}],"collection":[{"href":"https:\/\/nau-systems.com\/en\/wp-json\/wp\/v2\/pages"}],"about":[{"href":"https:\/\/nau-systems.com\/en\/wp-json\/wp\/v2\/types\/page"}],"author":[{"embeddable":true,"href":"https:\/\/nau-systems.com\/en\/wp-json\/wp\/v2\/users\/1"}],"replies":[{"embeddable":true,"href":"https:\/\/nau-systems.com\/en\/wp-json\/wp\/v2\/comments?post=676"}],"version-history":[{"count":55,"href":"https:\/\/nau-systems.com\/en\/wp-json\/wp\/v2\/pages\/676\/revisions"}],"predecessor-version":[{"id":2646,"href":"https:\/\/nau-systems.com\/en\/wp-json\/wp\/v2\/pages\/676\/revisions\/2646"}],"wp:attachment":[{"href":"https:\/\/nau-systems.com\/en\/wp-json\/wp\/v2\/media?parent=676"}],"curies":[{"name":"wp","href":"https:\/\/api.w.org\/{rel}","templated":true}]}}